{"id":1111,"date":"2026-02-17T03:09:18","date_gmt":"2026-02-17T03:09:18","guid":{"rendered":"https:\/\/brizuelacelular.com\/index.php\/product\/iphone-11-pro\/"},"modified":"2026-02-17T03:09:18","modified_gmt":"2026-02-17T03:09:18","slug":"iphone-11-pro","status":"publish","type":"product","link":"https:\/\/brizuelacelular.com\/index.php\/product\/iphone-11-pro\/","title":{"rendered":"iPhone 11 Pro"},"content":{"rendered":"<p>El iPhone 11 Pro introdujo el sistema de triple c\u00e1mara que cambi\u00f3 la industria, ofreciendo versatilidad fotogr\u00e1fica en un tama\u00f1o ultra elegante.<\/p>\n","protected":false},"excerpt":{"rendered":"<p>Triple c\u00e1mara Pro, Pantalla Super Retina XDR, Vidrio mate.<\/p>\n","protected":false},"featured_media":572,"comment_status":"open","ping_status":"closed","template":"","meta":{"_acf_changed":false},"product_brand":[],"product_cat":[32],"product_tag":[],"class_list":{"0":"post-1111","1":"product","2":"type-product","3":"status-publish","4":"has-post-thumbnail","6":"product_cat-iphone","8":"first","9":"instock","10":"shipping-taxable","11":"purchasable","12":"product-type-simple"},"acf":[],"_links":{"self":[{"href":"https:\/\/brizuelacelular.com\/index.php\/wp-json\/wp\/v2\/product\/1111","targetHints":{"allow":["GET"]}}],"collection":[{"href":"https:\/\/brizuelacelular.com\/index.php\/wp-json\/wp\/v2\/product"}],"about":[{"href":"https:\/\/brizuelacelular.com\/index.php\/wp-json\/wp\/v2\/types\/product"}],"replies":[{"embeddable":true,"href":"https:\/\/brizuelacelular.com\/index.php\/wp-json\/wp\/v2\/comments?post=1111"}],"wp:featuredmedia":[{"embeddable":true,"href":"https:\/\/brizuelacelular.com\/index.php\/wp-json\/wp\/v2\/media\/572"}],"wp:attachment":[{"href":"https:\/\/brizuelacelular.com\/index.php\/wp-json\/wp\/v2\/media?parent=1111"}],"wp:term":[{"taxonomy":"product_brand","embeddable":true,"href":"https:\/\/brizuelacelular.com\/index.php\/wp-json\/wp\/v2\/product_brand?post=1111"},{"taxonomy":"product_cat","embeddable":true,"href":"https:\/\/brizuelacelular.com\/index.php\/wp-json\/wp\/v2\/product_cat?post=1111"},{"taxonomy":"product_tag","embeddable":true,"href":"https:\/\/brizuelacelular.com\/index.php\/wp-json\/wp\/v2\/product_tag?post=1111"}],"curies":[{"name":"wp","href":"https:\/\/api.w.org\/{rel}","templated":true}]}}